{"id":969,"date":"2023-07-31T12:21:45","date_gmt":"2023-07-31T12:21:45","guid":{"rendered":"https:\/\/beautyequipment.lv\/?page_id=969"},"modified":"2023-09-12T13:09:08","modified_gmt":"2023-09-12T13:09:08","slug":"elite-oxy-therapy-face-treatments","status":"publish","type":"page","link":"https:\/\/beautyequipment.lv\/en\/elite-oxy-therapy-face-treatments\/","title":{"rendered":"ELITE OXY THERAPY FACE TREATMENTS"},"content":{"rendered":"<section class=\"wpb-content-wrapper\"><p>[vc_row css_animation=&#8221;&#8221; row_type=&#8221;row&#8221; use_row_as_full_screen_section=&#8221;no&#8221; type=&#8221;grid&#8221; angled_section=&#8221;no&#8221; text_align=&#8221;center&#8221; background_image_as_pattern=&#8221;without_pattern&#8221; z_index=&#8221;&#8221; css=&#8221;.vc_custom_1677426030841{padding-bottom: 118px !important;}&#8221;][vc_column][vc_column_text]<\/p>\n<h3 style=\"text-align: center;\">OVERLINE RESOLUTION FACE OXY ELITE 1115-51-XXX-OVE<\/h3>\n<p>[\/vc_column_text][vc_empty_space height=&#8221;20px&#8221;][vc_column_text]<\/p>\n<h5 style=\"text-align: center;\">Imperfections on face, neck and d\u00e9collet\u00e9?<\/h5>\n<p style=\"text-align: center;\"><br aria-hidden=\"true\" \/>Now you can choose \u00e9lite Resolution Oxy Face, a multifunctional<br aria-hidden=\"true\" \/>device that uses the synergy of 5 effective technologies to exfoliate,oxygenate, regenerate, hydrate and rebalance the skin.<\/p>\n<p style=\"text-align: center;\"><br aria-hidden=\"true\" \/>With this system you can make personalized treatments to specifically work on imperfections, making the tissues more compact and brighten the complexion.<\/p>\n<p>&nbsp;<\/p>\n<p style=\"text-align: center;\">\u00a0<b><span lang=\"en-GB\">Resolution Face Oxy<\/span><\/b><b><span lang=\"en-GB\">\u00a0<\/span><\/b>beauty device includes 5 technologies:<\/p>\n<p style=\"text-align: center;\"><span lang=\"en-GB\">\u00b7\u00a0\u00a0\u00a0\u00a0\u00a0\u00a0\u00a0\u00a0<\/span><span lang=\"en-GB\">OXYGEN (OXY) THERAPY;<\/span><\/p>\n<p style=\"text-align: center;\"><span lang=\"en-GB\">\u00b7\u00a0\u00a0\u00a0\u00a0\u00a0\u00a0\u00a0\u00a0<\/span><span lang=\"en-GB\">MICRODERMABRASION;<\/span><\/p>\n<p style=\"text-align: center;\"><span lang=\"en-GB\">\u00b7\u00a0\u00a0\u00a0\u00a0\u00a0\u00a0\u00a0\u00a0<\/span><span lang=\"en-GB\">RADIO FREQUENCY (BIPOLAR);<\/span><\/p>\n<p style=\"text-align: center;\"><span lang=\"en-GB\">\u00b7\u00a0\u00a0\u00a0\u00a0\u00a0\u00a0\u00a0\u00a0<\/span><span lang=\"en-GB\">ELECTROPORATION;<\/span><\/p>\n<p style=\"text-align: center;\">\u00b7\u00a0\u00a0\u00a0\u00a0\u00a0\u00a0\u00a0\u00a0<span lang=\"en-GB\">MASK LIGHT FACE.<\/span><\/p>\n<p>[\/vc_column_text][vc_empty_space height=&#8221;46px&#8221;]<a  itemprop=\"url\" href=\"\/wp-content\/uploads\/2023\/08\/OVER1151.pdf\" target=\"_blank\"  class=\"qbutton  center default\" style=\"\">Full description<\/a>[vc_empty_space height=&#8221;43px&#8221;][\/vc_column][\/vc_row]<\/p>\n<\/section>","protected":false},"excerpt":{"rendered":"<p>[vc_row css_animation=&#8221;&#8221; row_type=&#8221;row&#8221; use_row_as_full_screen_section=&#8221;no&#8221; type=&#8221;grid&#8221; angled_section=&#8221;no&#8221; text_align=&#8221;center&#8221; background_image_as_pattern=&#8221;without_pattern&#8221; z_index=&#8221;&#8221; css=&#8221;.vc_custom_1677426030841{padding-bottom: 118px !important;}&#8221;][vc_column][vc_column_text] OVERLINE RESOLUTION FACE OXY ELITE 1115-51-XXX-OVE [\/vc_column_text][vc_empty_space height=&#8221;20px&#8221;][vc_column_text] Imperfections on face, neck and d\u00e9collet\u00e9? Now you can choose \u00e9lite Resolution Oxy Face, a multifunctionaldevice that uses the synergy of 5 effective technologies to&#8230;<\/p>\n","protected":false},"author":2,"featured_media":0,"parent":0,"menu_order":0,"comment_status":"closed","ping_status":"closed","template":"full_width.php","meta":{"inline_featured_image":false,"footnotes":""},"class_list":["post-969","page","type-page","status-publish","hentry"],"_links":{"self":[{"href":"https:\/\/beautyequipment.lv\/en\/wp-json\/wp\/v2\/pages\/969","targetHints":{"allow":["GET"]}}],"collection":[{"href":"https:\/\/beautyequipment.lv\/en\/wp-json\/wp\/v2\/pages"}],"about":[{"href":"https:\/\/beautyequipment.lv\/en\/wp-json\/wp\/v2\/types\/page"}],"author":[{"embeddable":true,"href":"https:\/\/beautyequipment.lv\/en\/wp-json\/wp\/v2\/users\/2"}],"replies":[{"embeddable":true,"href":"https:\/\/beautyequipment.lv\/en\/wp-json\/wp\/v2\/comments?post=969"}],"version-history":[{"count":9,"href":"https:\/\/beautyequipment.lv\/en\/wp-json\/wp\/v2\/pages\/969\/revisions"}],"predecessor-version":[{"id":1570,"href":"https:\/\/beautyequipment.lv\/en\/wp-json\/wp\/v2\/pages\/969\/revisions\/1570"}],"wp:attachment":[{"href":"https:\/\/beautyequipment.lv\/en\/wp-json\/wp\/v2\/media?parent=969"}],"curies":[{"name":"wp","href":"https:\/\/api.w.org\/{rel}","templated":true}]}}